{"id":300,"date":"2024-04-16T11:17:58","date_gmt":"2024-04-16T04:17:58","guid":{"rendered":"http:\/\/genequest.nexushealth-asia.com\/?page_id=300"},"modified":"2024-04-16T13:40:12","modified_gmt":"2024-04-16T06:40:12","slug":"cau-hoi-thuong-gap","status":"publish","type":"page","link":"https:\/\/genequest.nexushealth-asia.com\/en\/cau-hoi-thuong-gap\/","title":{"rendered":"FAQ"},"content":{"rendered":"<div class=\"row\"  id=\"row-790876722\">\n\n\t<div id=\"col-1863233165\" class=\"col small-12 large-12\"  >\n\t\t\t\t<div class=\"col-inner\"  >\n\t\t\t\n\t\t\t\n<h3 class=\"accordion_title\">Genetic testing<\/h3><div class=\"accordion faq-ac\">\n\t<div id=\"accordion-3380780373\" class=\"accordion-item\">\n\t\t<a id=\"accordion-3380780373-label\" class=\"accordion-title plain\" href=\"#accordion-item-x\u00e9t-nghi\u1ec7m-gen-l\u00e0-g\u00ec?\" aria-expanded=\"false\" aria-controls=\"accordion-3380780373-content\" >\n\t\t\t<button class=\"toggle\" aria-label=\"Toggle\"><i class=\"icon-angle-down\"><\/i><\/button>\n\t\t\t<span>What is genetic testing?<\/span>\n\t\t<\/a>\n\t\t<div id=\"accordion-3380780373-content\" class=\"accordion-inner\" aria-labelledby=\"accordion-3380780373-label\" >\n\t\t\t\n<p>Genetic testing is a method used in the laboratory to help decode DNA (deoxyribonucleic acid) contained in genes in human cells, inherited from parents. Genetic testing helps determine genetic factors such as intellectual potential, physical potential, nutrition, behavioral tendencies and health risks in each person.<\/p>\n\t\t<\/div>\n\t<\/div>\n\t\n\t<div id=\"accordion-1560626903\" class=\"accordion-item\">\n\t\t<a id=\"accordion-1560626903-label\" class=\"accordion-title plain\" href=\"#accordion-item-nh\u1eefng-l\u1ee3i-\u00edch-c\u1ee7a-x\u00e9t-nghi\u1ec7m-gen-l\u00e0-g\u00ec?\" aria-expanded=\"false\" aria-controls=\"accordion-1560626903-content\" >\n\t\t\t<button class=\"toggle\" aria-label=\"Toggle\"><i class=\"icon-angle-down\"><\/i><\/button>\n\t\t\t<span>What are the benefits of genetic testing?<\/span>\n\t\t<\/a>\n\t\t<div id=\"accordion-1560626903-content\" class=\"accordion-inner\" aria-labelledby=\"accordion-1560626903-label\" >\n\t\t\t\n<p>There are many different types of genetic tests. Genetic testing can help:<\/p>\n<ul>\n<li>Optimize your exercise plan.<\/li>\n<li>Optimize your nutrition plan.<\/li>\n<li>Unlock your natural potential.<\/li>\n<li>Improve behavioral tendencies.<\/li>\n<li>Diagnostic.<\/li>\n<li>Identify disease-causing gene mutations.<\/li>\n<li>Identify genetic mutations that may increase the risk of disease.<\/li>\n<li>Determine the severity of the disease.<\/li>\n<li>Assist doctors in deciding on the best medication or treatment for the patient.<\/li>\n<li>Prevent mutations that can be passed on to future generations.<\/li>\n<\/ul>\n\t\t<\/div>\n\t<\/div>\n\t\n\t<div id=\"accordion-3275777783\" class=\"accordion-item\">\n\t\t<a id=\"accordion-3275777783-label\" class=\"accordion-title plain\" href=\"#accordion-item-x\u00e9t-nghi\u1ec7m-gen-v\u00e0-sinh-tr\u1eafc-v\u00e2n-tay-kh\u00e1c-nhau-nh\u01b0-th\u1ebf-n\u00e0o?\" aria-expanded=\"false\" aria-controls=\"accordion-3275777783-content\" >\n\t\t\t<button class=\"toggle\" aria-label=\"Toggle\"><i class=\"icon-angle-down\"><\/i><\/button>\n\t\t\t<span>How are genetic testing and Fingerprint Biometrics different?<\/span>\n\t\t<\/a>\n\t\t<div id=\"accordion-3275777783-content\" class=\"accordion-inner\" aria-labelledby=\"accordion-3275777783-label\" >\n\t\t\t\n<p>Genetic testing and fingerprint biometrics are two completely different fields. Fingerprints are formed when the baby is still in the mother&#039;s womb, scratching the uterine wall. Each person&#039;s genome is unique and determines the body&#039;s characteristics, not only behavioral and emotional intelligence but also the ability to metabolize nutrition, physical activity, and health risks. Therefore, genes determine a person&#039;s innate talent and are passed down through many generations. If we perform genetic testing, we will know exactly what our child&#039;s strengths and weaknesses are, so we can apply appropriate educational methods to help our child shape their future and optimize their innate abilities.<\/p>\n\t\t<\/div>\n\t<\/div>\n\t\n\t<div id=\"accordion-365390036\" class=\"accordion-item\">\n\t\t<a id=\"accordion-365390036-label\" class=\"accordion-title plain\" href=\"#accordion-item-t\u00f4i-c\u00f3-c\u1ea7n-ph\u1ea3i-l\u1ea5y-m\u00e1u-\u0111\u1ec3-ph\u00e2n-t\u00edch-gen-kh\u00f4ng?\" aria-expanded=\"false\" aria-controls=\"accordion-365390036-content\" >\n\t\t\t<button class=\"toggle\" aria-label=\"Toggle\"><i class=\"icon-angle-down\"><\/i><\/button>\n\t\t\t<span>Do I need to have blood drawn for genetic analysis?<\/span>\n\t\t<\/a>\n\t\t<div id=\"accordion-365390036-content\" class=\"accordion-inner\" aria-labelledby=\"accordion-365390036-label\" >\n\t\t\t\n<p>You do not need to have blood drawn for genetic testing.<br \/>\nWe provide a specialized Kit (\u201cSaliva Collection Kit\u201d) to collect and preserve DNA from the oral mucosa in your saliva sample.<\/p>\n\t\t<\/div>\n\t<\/div>\n\t\n\t<div id=\"accordion-2191779232\" class=\"accordion-item\">\n\t\t<a id=\"accordion-2191779232-label\" class=\"accordion-title plain\" href=\"#accordion-item-s\u1ef1-kh\u00e1c-bi\u1ec7t-gi\u1eefa-x\u00e9t-nghi\u1ec7m-gen-th\u1ef1c-hi\u1ec7n-b\u1edfi-genetica-v\u00e0-n\u01a1i-kh\u00e1c-l\u00e0-g\u00ec?\" aria-expanded=\"false\" aria-controls=\"accordion-2191779232-content\" >\n\t\t\t<button class=\"toggle\" aria-label=\"Toggle\"><i class=\"icon-angle-down\"><\/i><\/button>\n\t\t\t<span>What is the difference between genetic testing performed by Genetica and elsewhere?<\/span>\n\t\t<\/a>\n\t\t<div id=\"accordion-2191779232-content\" class=\"accordion-inner\" aria-labelledby=\"accordion-2191779232-label\" >\n\t\t\t\n<p>When performing services at NexusHealth\u00ae, you will experience gene decoding services using data for Asian people, combining the application of Artificial Intelligence and leading biotechnology from the US and America. recognized by ILLUMINA - the number one gene decoding organization in the world - with an accuracy of 99.9%.<\/p>\n<p>NexusHealth\u00ae has the ability to decode many genes that affect a trait. Therefore, the report results you receive will be more accurate and objective.<\/p>\n<p>Instead of using a blood sample in the traditional way to extract DNA and analyze it, at NexusHealth\u00ae, we extract DNA from the oral mucosa in a saliva sample, which will help obtain more content and fewer impurities compared to normal blood samples. blood sample. Therefore, the sample collection process at NexusHealth\u00ae is simple, convenient and time-saving.<\/p>\n<p>With a strict, careful decoding process and conducted at NexusHealth\u00ae laboratories in the US and Vietnam with high standards. Therefore, you can rest assured about the quality of service we provide.<\/p>\n<p>In addition, NexusHealth\u00ae is proud to have a team of advisors who are leading American scientists, doctors, PhDs and experts such as Harvard, Stanford, Cornell, etc. So, once again, NexusHealth\u00ae is confident. is to bring the best possible service to users.<\/p>\n\t\t<\/div>\n\t<\/div>\n\t\n\t<div id=\"accordion-756709008\" class=\"accordion-item\">\n\t\t<a id=\"accordion-756709008-label\" class=\"accordion-title plain\" href=\"#accordion-item-x\u00e9t-nghi\u1ec7m-gen-b\u1eb1ng-n\u01b0\u1edbc-b\u1ecdt-c\u00f3-\u0111\u1ed9-ch\u00ednh-x\u00e1c-nh\u01b0-th\u1ebf-n\u00e0o?\" aria-expanded=\"false\" aria-controls=\"accordion-756709008-content\" >\n\t\t\t<button class=\"toggle\" aria-label=\"Toggle\"><i class=\"icon-angle-down\"><\/i><\/button>\n\t\t\t<span>How accurate is saliva genetic testing?<\/span>\n\t\t<\/a>\n\t\t<div id=\"accordion-756709008-content\" class=\"accordion-inner\" aria-labelledby=\"accordion-756709008-label\" >\n\t\t\t\n<p>The essence of genetic testing using saliva is to extract DNA from the oral mucosa in a saliva sample and then analyze it. Therefore, the accuracy of genetic testing will depend on the gene decoding chip and comparison data.<\/p>\n<p>Currently, NexusHealth\u00ae is proud to have a team of scientists who created a gene decoding chip corresponding to Asian people, using data for Asian people, with a combination of the application of Artificial Intelligence and America&#039;s leading biotechnology in genetic testing, recognized by ILLUMINA - the number one gene decoding organization in the world - has an accuracy of 99.9%.<\/p>\n\t\t<\/div>\n\t<\/div>\n\t\n<\/div>\n\t\t<\/div>\n\t\t\t\t\t<\/div>\n\n\t\n<\/div>\n<div class=\"row\"  id=\"row-1305314549\">\n\n\t<div id=\"col-1936388909\" class=\"col small-12 large-12\"  >\n\t\t\t\t<div class=\"col-inner\"  >\n\t\t\t\n\t\t\t\n<h3 class=\"accordion_title\">Instruct<\/h3><div class=\"accordion faq-ac\">\n\t<div id=\"accordion-4241310039\" class=\"accordion-item\">\n\t\t<a id=\"accordion-4241310039-label\" class=\"accordion-title plain\" href=\"#accordion-item-x\u00e9t-nghi\u1ec7m-gen-l\u00e0-g\u00ec?\" aria-expanded=\"false\" aria-controls=\"accordion-4241310039-content\" >\n\t\t\t<button class=\"toggle\" aria-label=\"Toggle\"><i class=\"icon-angle-down\"><\/i><\/button>\n\t\t\t<span>What is genetic testing?<\/span>\n\t\t<\/a>\n\t\t<div id=\"accordion-4241310039-content\" class=\"accordion-inner\" aria-labelledby=\"accordion-4241310039-label\" >\n\t\t\t\n<p>Genetic testing is a method used in the laboratory to help decode DNA (deoxyribonucleic acid) contained in genes in human cells, inherited from parents. Genetic testing helps determine genetic factors such as intellectual potential, physical potential, nutrition, behavioral tendencies and health risks in each person.<\/p>\n\t\t<\/div>\n\t<\/div>\n\t\n\t<div id=\"accordion-3809707693\" class=\"accordion-item\">\n\t\t<a id=\"accordion-3809707693-label\" class=\"accordion-title plain\" href=\"#accordion-item-nh\u1eefng-l\u1ee3i-\u00edch-c\u1ee7a-x\u00e9t-nghi\u1ec7m-gen-l\u00e0-g\u00ec?\" aria-expanded=\"false\" aria-controls=\"accordion-3809707693-content\" >\n\t\t\t<button class=\"toggle\" aria-label=\"Toggle\"><i class=\"icon-angle-down\"><\/i><\/button>\n\t\t\t<span>What are the benefits of genetic testing?<\/span>\n\t\t<\/a>\n\t\t<div id=\"accordion-3809707693-content\" class=\"accordion-inner\" aria-labelledby=\"accordion-3809707693-label\" >\n\t\t\t\n<p>There are many different types of genetic tests. Genetic testing can help:<\/p>\n<ul>\n<li>Optimize your exercise plan.<\/li>\n<li>Optimize your nutrition plan.<\/li>\n<li>Unlock your natural potential.<\/li>\n<li>Improve behavioral tendencies.<\/li>\n<li>Diagnostic.<\/li>\n<li>Identify disease-causing gene mutations.<\/li>\n<li>Identify genetic mutations that may increase the risk of disease.<\/li>\n<li>Determine the severity of the disease.<\/li>\n<li>Assist doctors in deciding on the best medication or treatment for the patient.<\/li>\n<li>Prevent mutations that can be passed on to future generations.<\/li>\n<\/ul>\n\t\t<\/div>\n\t<\/div>\n\t\n\t<div id=\"accordion-2331103044\" class=\"accordion-item\">\n\t\t<a id=\"accordion-2331103044-label\" class=\"accordion-title plain\" href=\"#accordion-item-x\u00e9t-nghi\u1ec7m-gen-v\u00e0-sinh-tr\u1eafc-v\u00e2n-tay-kh\u00e1c-nhau-nh\u01b0-th\u1ebf-n\u00e0o?\" aria-expanded=\"false\" aria-controls=\"accordion-2331103044-content\" >\n\t\t\t<button class=\"toggle\" aria-label=\"Toggle\"><i class=\"icon-angle-down\"><\/i><\/button>\n\t\t\t<span>How are genetic testing and Fingerprint Biometrics different?<\/span>\n\t\t<\/a>\n\t\t<div id=\"accordion-2331103044-content\" class=\"accordion-inner\" aria-labelledby=\"accordion-2331103044-label\" >\n\t\t\t\n<p>Genetic testing and fingerprint biometrics are two completely different fields. Fingerprints are formed when the baby is still in the mother&#039;s womb, scratching the uterine wall. Each person&#039;s genome is unique and determines the body&#039;s characteristics, not only behavioral and emotional intelligence but also the ability to metabolize nutrition, physical activity, and health risks. Therefore, genes determine a person&#039;s innate talent and are passed down through many generations. If we perform genetic testing, we will know exactly what our child&#039;s strengths and weaknesses are, so we can apply appropriate educational methods to help our child shape their future and optimize their innate abilities.<\/p>\n\t\t<\/div>\n\t<\/div>\n\t\n\t<div id=\"accordion-2994128008\" class=\"accordion-item\">\n\t\t<a id=\"accordion-2994128008-label\" class=\"accordion-title plain\" href=\"#accordion-item-t\u00f4i-c\u00f3-c\u1ea7n-ph\u1ea3i-l\u1ea5y-m\u00e1u-\u0111\u1ec3-ph\u00e2n-t\u00edch-gen-kh\u00f4ng?\" aria-expanded=\"false\" aria-controls=\"accordion-2994128008-content\" >\n\t\t\t<button class=\"toggle\" aria-label=\"Toggle\"><i class=\"icon-angle-down\"><\/i><\/button>\n\t\t\t<span>Do I need to have blood drawn for genetic analysis?<\/span>\n\t\t<\/a>\n\t\t<div id=\"accordion-2994128008-content\" class=\"accordion-inner\" aria-labelledby=\"accordion-2994128008-label\" >\n\t\t\t\n<p>You do not need to have blood drawn for genetic testing.<br \/>\nWe provide a specialized Kit (\u201cSaliva Collection Kit\u201d) to collect and preserve DNA from the oral mucosa in your saliva sample.<\/p>\n\t\t<\/div>\n\t<\/div>\n\t\n\t<div id=\"accordion-973309016\" class=\"accordion-item\">\n\t\t<a id=\"accordion-973309016-label\" class=\"accordion-title plain\" href=\"#accordion-item-s\u1ef1-kh\u00e1c-bi\u1ec7t-gi\u1eefa-x\u00e9t-nghi\u1ec7m-gen-th\u1ef1c-hi\u1ec7n-b\u1edfi-genetica-v\u00e0-n\u01a1i-kh\u00e1c-l\u00e0-g\u00ec?\" aria-expanded=\"false\" aria-controls=\"accordion-973309016-content\" >\n\t\t\t<button class=\"toggle\" aria-label=\"Toggle\"><i class=\"icon-angle-down\"><\/i><\/button>\n\t\t\t<span>What is the difference between genetic testing performed by Genetica and elsewhere?<\/span>\n\t\t<\/a>\n\t\t<div id=\"accordion-973309016-content\" class=\"accordion-inner\" aria-labelledby=\"accordion-973309016-label\" >\n\t\t\t\n<p>When performing services at NexusHealth\u00ae, you will experience gene decoding services using data for Asian people, combining the application of Artificial Intelligence and leading biotechnology from the US and America. recognized by ILLUMINA - the number one gene decoding organization in the world - with an accuracy of 99.9%.<\/p>\n<p>NexusHealth\u00ae has the ability to decode many genes that affect a trait. Therefore, the report results you receive will be more accurate and objective.<\/p>\n<p>Instead of using a blood sample in the traditional way to extract DNA and analyze it, at NexusHealth\u00ae, we extract DNA from the oral mucosa in a saliva sample, which will help obtain more content and fewer impurities compared to normal blood samples. blood sample. Therefore, the sample collection process at NexusHealth\u00ae is simple, convenient and time-saving.<\/p>\n<p>With a strict, careful decoding process and conducted at NexusHealth\u00ae laboratories in the US and Vietnam with high standards. Therefore, you can rest assured about the quality of service we provide.<\/p>\n<p>In addition, NexusHealth\u00ae is proud to have a team of advisors who are leading American scientists, doctors, PhDs and experts such as Harvard, Stanford, Cornell, etc. So, once again, NexusHealth\u00ae is confident. is to bring the best possible service to users.<\/p>\n\t\t<\/div>\n\t<\/div>\n\t\n\t<div id=\"accordion-3937601272\" class=\"accordion-item\">\n\t\t<a id=\"accordion-3937601272-label\" class=\"accordion-title plain\" href=\"#accordion-item-x\u00e9t-nghi\u1ec7m-gen-b\u1eb1ng-n\u01b0\u1edbc-b\u1ecdt-c\u00f3-\u0111\u1ed9-ch\u00ednh-x\u00e1c-nh\u01b0-th\u1ebf-n\u00e0o?\" aria-expanded=\"false\" aria-controls=\"accordion-3937601272-content\" >\n\t\t\t<button class=\"toggle\" aria-label=\"Toggle\"><i class=\"icon-angle-down\"><\/i><\/button>\n\t\t\t<span>How accurate is saliva genetic testing?<\/span>\n\t\t<\/a>\n\t\t<div id=\"accordion-3937601272-content\" class=\"accordion-inner\" aria-labelledby=\"accordion-3937601272-label\" >\n\t\t\t\n<p>The essence of genetic testing using saliva is to extract DNA from the oral mucosa in a saliva sample and then analyze it. Therefore, the accuracy of genetic testing will depend on the gene decoding chip and comparison data.<\/p>\n<p>Currently, NexusHealth\u00ae is proud to have a team of scientists who created a gene decoding chip corresponding to Asian people, using data for Asian people, with a combination of the application of Artificial Intelligence and America&#039;s leading biotechnology in genetic testing, recognized by ILLUMINA - the number one gene decoding organization in the world - has an accuracy of 99.9%.<\/p>\n\t\t<\/div>\n\t<\/div>\n\t\n<\/div>\n\t\t<\/div>\n\t\t\t\t\t<\/div>\n\n\t\n<\/div>","protected":false},"excerpt":{"rendered":"","protected":false},"author":2,"featured_media":0,"parent":0,"menu_order":0,"comment_status":"closed","ping_status":"closed","template":"page-left-sidebar.php","meta":{"inline_featured_image":false,"footnotes":""},"class_list":["post-300","page","type-page","status-publish","hentry"],"acf":[],"yoast_head":"<!-- This site is optimized with the Yoast SEO Premium plugin v20.9 (Yoast SEO v20.9) - https:\/\/yoast.com\/wordpress\/plugins\/seo\/ -->\n<title>C\u00e2u h\u1ecfi th\u01b0\u1eddng g\u1eb7p - Nexus Health Asia<\/title>\n<meta name=\"robots\" content=\"index, follow, max-snippet:-1, max-image-preview:large, max-video-preview:-1\" \/>\n<link rel=\"canonical\" href=\"https:\/\/genequest.nexushealth-asia.com\/en\/cau-hoi-thuong-gap\/\" \/>\n<meta property=\"og:locale\" content=\"en_US\" \/>\n<meta property=\"og:type\" content=\"article\" \/>\n<meta property=\"og:title\" content=\"C\u00e2u h\u1ecfi th\u01b0\u1eddng g\u1eb7p\" \/>\n<meta property=\"og:url\" content=\"https:\/\/genequest.nexushealth-asia.com\/en\/cau-hoi-thuong-gap\/\" \/>\n<meta property=\"og:site_name\" content=\"Nexus Health Asia\" \/>\n<meta property=\"article:modified_time\" content=\"2024-04-16T06:40:12+00:00\" \/>\n<meta name=\"twitter:card\" content=\"summary_large_image\" \/>\n<script type=\"application\/ld+json\" class=\"yoast-schema-graph\">{\"@context\":\"https:\/\/schema.org\",\"@graph\":[{\"@type\":\"WebPage\",\"@id\":\"https:\/\/genequest.nexushealth-asia.com\/cau-hoi-thuong-gap\/\",\"url\":\"https:\/\/genequest.nexushealth-asia.com\/cau-hoi-thuong-gap\/\",\"name\":\"C\u00e2u h\u1ecfi th\u01b0\u1eddng g\u1eb7p - Nexus Health Asia\",\"isPartOf\":{\"@id\":\"https:\/\/genequest.nexushealth-asia.com\/#website\"},\"datePublished\":\"2024-04-16T04:17:58+00:00\",\"dateModified\":\"2024-04-16T06:40:12+00:00\",\"breadcrumb\":{\"@id\":\"https:\/\/genequest.nexushealth-asia.com\/cau-hoi-thuong-gap\/#breadcrumb\"},\"inLanguage\":\"en-US\",\"potentialAction\":[{\"@type\":\"ReadAction\",\"target\":[\"https:\/\/genequest.nexushealth-asia.com\/cau-hoi-thuong-gap\/\"]}]},{\"@type\":\"BreadcrumbList\",\"@id\":\"https:\/\/genequest.nexushealth-asia.com\/cau-hoi-thuong-gap\/#breadcrumb\",\"itemListElement\":[{\"@type\":\"ListItem\",\"position\":1,\"name\":\"Trang ch\u1ee7\",\"item\":\"https:\/\/genequest.nexushealth-asia.com\/\"},{\"@type\":\"ListItem\",\"position\":2,\"name\":\"C\u00e2u h\u1ecfi th\u01b0\u1eddng g\u1eb7p\"}]},{\"@type\":\"WebSite\",\"@id\":\"https:\/\/genequest.nexushealth-asia.com\/#website\",\"url\":\"https:\/\/genequest.nexushealth-asia.com\/\",\"name\":\"Nexus Health Asia\",\"description\":\"\",\"potentialAction\":[{\"@type\":\"SearchAction\",\"target\":{\"@type\":\"EntryPoint\",\"urlTemplate\":\"https:\/\/genequest.nexushealth-asia.com\/?s={search_term_string}\"},\"query-input\":\"required name=search_term_string\"}],\"inLanguage\":\"en-US\"}]}<\/script>\n<!-- \/ Yoast SEO Premium plugin. -->","yoast_head_json":{"title":"C\u00e2u h\u1ecfi th\u01b0\u1eddng g\u1eb7p - Nexus Health Asia","robots":{"index":"index","follow":"follow","max-snippet":"max-snippet:-1","max-image-preview":"max-image-preview:large","max-video-preview":"max-video-preview:-1"},"canonical":"https:\/\/genequest.nexushealth-asia.com\/en\/cau-hoi-thuong-gap\/","og_locale":"en_US","og_type":"article","og_title":"C\u00e2u h\u1ecfi th\u01b0\u1eddng g\u1eb7p","og_url":"https:\/\/genequest.nexushealth-asia.com\/en\/cau-hoi-thuong-gap\/","og_site_name":"Nexus Health Asia","article_modified_time":"2024-04-16T06:40:12+00:00","twitter_card":"summary_large_image","schema":{"@context":"https:\/\/schema.org","@graph":[{"@type":"WebPage","@id":"https:\/\/genequest.nexushealth-asia.com\/cau-hoi-thuong-gap\/","url":"https:\/\/genequest.nexushealth-asia.com\/cau-hoi-thuong-gap\/","name":"C\u00e2u h\u1ecfi th\u01b0\u1eddng g\u1eb7p - Nexus Health Asia","isPartOf":{"@id":"https:\/\/genequest.nexushealth-asia.com\/#website"},"datePublished":"2024-04-16T04:17:58+00:00","dateModified":"2024-04-16T06:40:12+00:00","breadcrumb":{"@id":"https:\/\/genequest.nexushealth-asia.com\/cau-hoi-thuong-gap\/#breadcrumb"},"inLanguage":"en-US","potentialAction":[{"@type":"ReadAction","target":["https:\/\/genequest.nexushealth-asia.com\/cau-hoi-thuong-gap\/"]}]},{"@type":"BreadcrumbList","@id":"https:\/\/genequest.nexushealth-asia.com\/cau-hoi-thuong-gap\/#breadcrumb","itemListElement":[{"@type":"ListItem","position":1,"name":"Trang ch\u1ee7","item":"https:\/\/genequest.nexushealth-asia.com\/"},{"@type":"ListItem","position":2,"name":"C\u00e2u h\u1ecfi th\u01b0\u1eddng g\u1eb7p"}]},{"@type":"WebSite","@id":"https:\/\/genequest.nexushealth-asia.com\/#website","url":"https:\/\/genequest.nexushealth-asia.com\/","name":"Nexus Health Asia","description":"","potentialAction":[{"@type":"SearchAction","target":{"@type":"EntryPoint","urlTemplate":"https:\/\/genequest.nexushealth-asia.com\/?s={search_term_string}"},"query-input":"required name=search_term_string"}],"inLanguage":"en-US"}]}},"_links":{"self":[{"href":"https:\/\/genequest.nexushealth-asia.com\/en\/wp-json\/wp\/v2\/pages\/300","targetHints":{"allow":["GET"]}}],"collection":[{"href":"https:\/\/genequest.nexushealth-asia.com\/en\/wp-json\/wp\/v2\/pages"}],"about":[{"href":"https:\/\/genequest.nexushealth-asia.com\/en\/wp-json\/wp\/v2\/types\/page"}],"author":[{"embeddable":true,"href":"https:\/\/genequest.nexushealth-asia.com\/en\/wp-json\/wp\/v2\/users\/2"}],"replies":[{"embeddable":true,"href":"https:\/\/genequest.nexushealth-asia.com\/en\/wp-json\/wp\/v2\/comments?post=300"}],"version-history":[{"count":5,"href":"https:\/\/genequest.nexushealth-asia.com\/en\/wp-json\/wp\/v2\/pages\/300\/revisions"}],"predecessor-version":[{"id":313,"href":"https:\/\/genequest.nexushealth-asia.com\/en\/wp-json\/wp\/v2\/pages\/300\/revisions\/313"}],"wp:attachment":[{"href":"https:\/\/genequest.nexushealth-asia.com\/en\/wp-json\/wp\/v2\/media?parent=300"}],"curies":[{"name":"wp","href":"https:\/\/api.w.org\/{rel}","templated":true}]}}