{"id":33,"date":"2024-04-16T14:48:14","date_gmt":"2024-04-16T07:48:14","guid":{"rendered":"http:\/\/genequest.nexushealth-asia.com\/?page_id=33"},"modified":"2024-04-17T15:20:44","modified_gmt":"2024-04-17T08:20:44","slug":"dieu-kien-giao-dich","status":"publish","type":"page","link":"https:\/\/genequest.nexushealth-asia.com\/en\/dieu-kien-giao-dich\/","title":{"rendered":"Trading conditions"},"content":{"rendered":"<h2><strong>Trading Conditions Policy<\/strong><\/h2>\n<p>Welcome to our Trading Conditions Policy page. This page provides detailed information about the conditions and regulations that apply when you use our services in the medical field. Please read and understand these policies carefully before making a transaction.<\/p>\n<p><strong>1. Trading Conditions:<\/strong><\/p>\n<p>All transactions will comply with current Vietnamese laws and terms previously agreed between the two parties.<\/p>\n<p><strong>2. Registration and Payment:<\/strong><\/p>\n<p>You may register to use our services through the specified methods and comply with the prescribed registration procedures.<\/p>\n<p>Payment will be made according to previously agreed terms and details will be provided during the registration process.<\/p>\n<p><strong>3. Rights and Obligations:<\/strong><\/p>\n<p>You and we both have specific rights and obligations for each transaction, defined in the contract or transaction agreement.<\/p>\n<p><strong>4. Cancel Transaction:<\/strong><\/p>\n<p>The transaction cancellation process will be subject to the specific rules previously agreed upon and detailed information will be provided where necessary.<\/p>\n<p><strong>5. Contact:<\/strong><\/p>\n<p>If you have any questions or requests about our trading conditions, please contact us via the contact information provided on our website.<\/p>\n<p>Thank you for choosing us to provide medical services. We are committed to bringing you the most honest and effective trading experience.<\/p>","protected":false},"excerpt":{"rendered":"<p>Ch\u00ednh S\u00e1ch \u0110i\u1ec1u Ki\u1ec7n Giao D\u1ecbch Ch\u00e0o m\u1eebng b\u1ea1n \u0111\u1ebfn v\u1edbi trang Ch\u00ednh S\u00e1ch \u0110i\u1ec1u Ki\u1ec7n Giao D\u1ecbch c\u1ee7a ch\u00fang t\u00f4i. Trang n\u00e0y cung c\u1ea5p th\u00f4ng tin chi ti\u1ebft v\u1ec1 c\u00e1c \u0111i\u1ec1u ki\u1ec7n v\u00e0 quy \u0111\u1ecbnh \u00e1p d\u1ee5ng khi b\u1ea1n s\u1eed d\u1ee5ng d\u1ecbch v\u1ee5 c\u1ee7a ch\u00fang t\u00f4i trong l\u0129nh v\u1ef1c y t\u1ebf. Vui l\u00f2ng \u0111\u1ecdc [&#8230;]","protected":false},"author":1,"featured_media":0,"parent":0,"menu_order":0,"comment_status":"closed","ping_status":"closed","template":"page-left-sidebar-cs.php","meta":{"inline_featured_image":false,"footnotes":""},"class_list":["post-33","page","type-page","status-publish","hentry"],"acf":[],"yoast_head":"<!-- This site is optimized with the Yoast SEO Premium plugin v20.9 (Yoast SEO v20.9) - https:\/\/yoast.com\/wordpress\/plugins\/seo\/ -->\n<title>\u0110i\u1ec1u ki\u1ec7n giao d\u1ecbch - Nexus Health Asia<\/title>\n<meta name=\"robots\" content=\"index, follow, max-snippet:-1, max-image-preview:large, max-video-preview:-1\" \/>\n<link rel=\"canonical\" href=\"https:\/\/genequest.nexushealth-asia.com\/en\/dieu-kien-giao-dich\/\" \/>\n<meta property=\"og:locale\" content=\"en_US\" \/>\n<meta property=\"og:type\" content=\"article\" \/>\n<meta property=\"og:title\" content=\"\u0110i\u1ec1u ki\u1ec7n giao d\u1ecbch\" \/>\n<meta property=\"og:description\" content=\"Ch\u00ednh S\u00e1ch \u0110i\u1ec1u Ki\u1ec7n Giao D\u1ecbch Ch\u00e0o m\u1eebng b\u1ea1n \u0111\u1ebfn v\u1edbi trang Ch\u00ednh S\u00e1ch \u0110i\u1ec1u Ki\u1ec7n Giao D\u1ecbch c\u1ee7a ch\u00fang t\u00f4i. Trang n\u00e0y cung c\u1ea5p th\u00f4ng tin chi ti\u1ebft v\u1ec1 c\u00e1c \u0111i\u1ec1u ki\u1ec7n v\u00e0 quy \u0111\u1ecbnh \u00e1p d\u1ee5ng khi b\u1ea1n s\u1eed d\u1ee5ng d\u1ecbch v\u1ee5 c\u1ee7a ch\u00fang t\u00f4i trong l\u0129nh v\u1ef1c y t\u1ebf. Vui l\u00f2ng \u0111\u1ecdc [...]\" \/>\n<meta property=\"og:url\" content=\"https:\/\/genequest.nexushealth-asia.com\/en\/dieu-kien-giao-dich\/\" \/>\n<meta property=\"og:site_name\" content=\"Nexus Health Asia\" \/>\n<meta property=\"article:modified_time\" content=\"2024-04-17T08:20:44+00:00\" \/>\n<meta name=\"twitter:card\" content=\"summary_large_image\" \/>\n<meta name=\"twitter:label1\" content=\"Est. reading time\" \/>\n\t<meta name=\"twitter:data1\" content=\"4 minutes\" \/>\n<script type=\"application\/ld+json\" class=\"yoast-schema-graph\">{\"@context\":\"https:\/\/schema.org\",\"@graph\":[{\"@type\":\"WebPage\",\"@id\":\"https:\/\/genequest.nexushealth-asia.com\/dieu-kien-giao-dich\/\",\"url\":\"https:\/\/genequest.nexushealth-asia.com\/dieu-kien-giao-dich\/\",\"name\":\"\u0110i\u1ec1u ki\u1ec7n giao d\u1ecbch - Nexus Health Asia\",\"isPartOf\":{\"@id\":\"https:\/\/genequest.nexushealth-asia.com\/#website\"},\"datePublished\":\"2024-04-16T07:48:14+00:00\",\"dateModified\":\"2024-04-17T08:20:44+00:00\",\"breadcrumb\":{\"@id\":\"https:\/\/genequest.nexushealth-asia.com\/dieu-kien-giao-dich\/#breadcrumb\"},\"inLanguage\":\"en-US\",\"potentialAction\":[{\"@type\":\"ReadAction\",\"target\":[\"https:\/\/genequest.nexushealth-asia.com\/dieu-kien-giao-dich\/\"]}]},{\"@type\":\"BreadcrumbList\",\"@id\":\"https:\/\/genequest.nexushealth-asia.com\/dieu-kien-giao-dich\/#breadcrumb\",\"itemListElement\":[{\"@type\":\"ListItem\",\"position\":1,\"name\":\"Trang ch\u1ee7\",\"item\":\"https:\/\/genequest.nexushealth-asia.com\/\"},{\"@type\":\"ListItem\",\"position\":2,\"name\":\"\u0110i\u1ec1u ki\u1ec7n giao d\u1ecbch\"}]},{\"@type\":\"WebSite\",\"@id\":\"https:\/\/genequest.nexushealth-asia.com\/#website\",\"url\":\"https:\/\/genequest.nexushealth-asia.com\/\",\"name\":\"Nexus Health Asia\",\"description\":\"\",\"potentialAction\":[{\"@type\":\"SearchAction\",\"target\":{\"@type\":\"EntryPoint\",\"urlTemplate\":\"https:\/\/genequest.nexushealth-asia.com\/?s={search_term_string}\"},\"query-input\":\"required name=search_term_string\"}],\"inLanguage\":\"en-US\"}]}<\/script>\n<!-- \/ Yoast SEO Premium plugin. -->","yoast_head_json":{"title":"\u0110i\u1ec1u ki\u1ec7n giao d\u1ecbch - Nexus Health Asia","robots":{"index":"index","follow":"follow","max-snippet":"max-snippet:-1","max-image-preview":"max-image-preview:large","max-video-preview":"max-video-preview:-1"},"canonical":"https:\/\/genequest.nexushealth-asia.com\/en\/dieu-kien-giao-dich\/","og_locale":"en_US","og_type":"article","og_title":"\u0110i\u1ec1u ki\u1ec7n giao d\u1ecbch","og_description":"Ch\u00ednh S\u00e1ch \u0110i\u1ec1u Ki\u1ec7n Giao D\u1ecbch Ch\u00e0o m\u1eebng b\u1ea1n \u0111\u1ebfn v\u1edbi trang Ch\u00ednh S\u00e1ch \u0110i\u1ec1u Ki\u1ec7n Giao D\u1ecbch c\u1ee7a ch\u00fang t\u00f4i. Trang n\u00e0y cung c\u1ea5p th\u00f4ng tin chi ti\u1ebft v\u1ec1 c\u00e1c \u0111i\u1ec1u ki\u1ec7n v\u00e0 quy \u0111\u1ecbnh \u00e1p d\u1ee5ng khi b\u1ea1n s\u1eed d\u1ee5ng d\u1ecbch v\u1ee5 c\u1ee7a ch\u00fang t\u00f4i trong l\u0129nh v\u1ef1c y t\u1ebf. Vui l\u00f2ng \u0111\u1ecdc [...]","og_url":"https:\/\/genequest.nexushealth-asia.com\/en\/dieu-kien-giao-dich\/","og_site_name":"Nexus Health Asia","article_modified_time":"2024-04-17T08:20:44+00:00","twitter_card":"summary_large_image","twitter_misc":{"Est. reading time":"4 minutes"},"schema":{"@context":"https:\/\/schema.org","@graph":[{"@type":"WebPage","@id":"https:\/\/genequest.nexushealth-asia.com\/dieu-kien-giao-dich\/","url":"https:\/\/genequest.nexushealth-asia.com\/dieu-kien-giao-dich\/","name":"\u0110i\u1ec1u ki\u1ec7n giao d\u1ecbch - Nexus Health Asia","isPartOf":{"@id":"https:\/\/genequest.nexushealth-asia.com\/#website"},"datePublished":"2024-04-16T07:48:14+00:00","dateModified":"2024-04-17T08:20:44+00:00","breadcrumb":{"@id":"https:\/\/genequest.nexushealth-asia.com\/dieu-kien-giao-dich\/#breadcrumb"},"inLanguage":"en-US","potentialAction":[{"@type":"ReadAction","target":["https:\/\/genequest.nexushealth-asia.com\/dieu-kien-giao-dich\/"]}]},{"@type":"BreadcrumbList","@id":"https:\/\/genequest.nexushealth-asia.com\/dieu-kien-giao-dich\/#breadcrumb","itemListElement":[{"@type":"ListItem","position":1,"name":"Trang ch\u1ee7","item":"https:\/\/genequest.nexushealth-asia.com\/"},{"@type":"ListItem","position":2,"name":"\u0110i\u1ec1u ki\u1ec7n giao d\u1ecbch"}]},{"@type":"WebSite","@id":"https:\/\/genequest.nexushealth-asia.com\/#website","url":"https:\/\/genequest.nexushealth-asia.com\/","name":"Nexus Health Asia","description":"","potentialAction":[{"@type":"SearchAction","target":{"@type":"EntryPoint","urlTemplate":"https:\/\/genequest.nexushealth-asia.com\/?s={search_term_string}"},"query-input":"required name=search_term_string"}],"inLanguage":"en-US"}]}},"_links":{"self":[{"href":"https:\/\/genequest.nexushealth-asia.com\/en\/wp-json\/wp\/v2\/pages\/33","targetHints":{"allow":["GET"]}}],"collection":[{"href":"https:\/\/genequest.nexushealth-asia.com\/en\/wp-json\/wp\/v2\/pages"}],"about":[{"href":"https:\/\/genequest.nexushealth-asia.com\/en\/wp-json\/wp\/v2\/types\/page"}],"author":[{"embeddable":true,"href":"https:\/\/genequest.nexushealth-asia.com\/en\/wp-json\/wp\/v2\/users\/1"}],"replies":[{"embeddable":true,"href":"https:\/\/genequest.nexushealth-asia.com\/en\/wp-json\/wp\/v2\/comments?post=33"}],"version-history":[{"count":3,"href":"https:\/\/genequest.nexushealth-asia.com\/en\/wp-json\/wp\/v2\/pages\/33\/revisions"}],"predecessor-version":[{"id":401,"href":"https:\/\/genequest.nexushealth-asia.com\/en\/wp-json\/wp\/v2\/pages\/33\/revisions\/401"}],"wp:attachment":[{"href":"https:\/\/genequest.nexushealth-asia.com\/en\/wp-json\/wp\/v2\/media?parent=33"}],"curies":[{"name":"wp","href":"https:\/\/api.w.org\/{rel}","templated":true}]}}