{"id":343,"date":"2024-04-16T14:46:46","date_gmt":"2024-04-16T07:46:46","guid":{"rendered":"http:\/\/genequest.nexushealth-asia.com\/?page_id=343"},"modified":"2024-04-17T14:58:39","modified_gmt":"2024-04-17T07:58:39","slug":"chinh-sach-bao-mat-quyen-rieng-tu","status":"publish","type":"page","link":"https:\/\/genequest.nexushealth-asia.com\/en\/chinh-sach-bao-mat-quyen-rieng-tu\/","title":{"rendered":"Privacy Policy"},"content":{"rendered":"<h2><strong>Policy and Privacy<\/strong><\/h2>\n<p>Welcome to our privacy and policy page. Below is important information about how we collect, use, protect and disclose your personal information.<\/p>\n<p><strong>Collect information:<\/strong> We may collect personal information from you when you register for an account, subscribe to our newsletter, or make a transaction on our website. The information we collect may include your name, email address, phone number and shipping address.<\/p>\n<p><strong>Use information:<\/strong> We may use the information you provide to provide products and services to you, contact you about orders and updates, and provide marketing information about new products and special promotions. .<\/p>\n<p><strong>Information protection:<\/strong> We are committed to protecting your personal information and using appropriate security measures to protect it from loss, obsolescence, unauthorized access, disclosure or improper use.<\/p>\n<p><strong>Disclosure:<\/strong> We do not sell, trade or otherwise transfer your personal information to third parties without your consent, except in cases required by law.<\/p>\n<p><strong>Policy changes:<\/strong> We may update or change our Privacy Policy from time to time and we encourage you to periodically check this page for the latest information.<\/p>\n<p>If you have any questions or suggestions about our Privacy and Policy, please contact us via email or phone number provided on our website.<\/p>\n<div id=\"gtx-trans\" style=\"position: absolute; left: 126px; top: 33.3906px;\">\n<div class=\"gtx-trans-icon\">\u00a0<\/div>\n<\/div>","protected":false},"excerpt":{"rendered":"<p>Ch\u00ednh s\u00e1ch v\u00e0 B\u1ea3o m\u1eadt Ch\u00e0o m\u1eebng b\u1ea1n \u0111\u1ebfn v\u1edbi trang ch\u00ednh s\u00e1ch v\u00e0 b\u1ea3o m\u1eadt c\u1ee7a ch\u00fang t\u00f4i. D\u01b0\u1edbi \u0111\u00e2y l\u00e0 nh\u1eefng th\u00f4ng tin quan tr\u1ecdng v\u1ec1 c\u00e1ch ch\u00fang t\u00f4i thu th\u1eadp, s\u1eed d\u1ee5ng, b\u1ea3o v\u1ec7 v\u00e0 ti\u1ebft l\u1ed9 th\u00f4ng tin c\u00e1 nh\u00e2n c\u1ee7a b\u1ea1n. Thu th\u1eadp th\u00f4ng tin: Ch\u00fang t\u00f4i c\u00f3 th\u1ec3 thu [&#8230;]","protected":false},"author":2,"featured_media":0,"parent":0,"menu_order":0,"comment_status":"closed","ping_status":"closed","template":"page-left-sidebar-cs.php","meta":{"inline_featured_image":false,"footnotes":""},"class_list":["post-343","page","type-page","status-publish","hentry"],"acf":[],"yoast_head":"<!-- This site is optimized with the Yoast SEO Premium plugin v20.9 (Yoast SEO v20.9) - https:\/\/yoast.com\/wordpress\/plugins\/seo\/ -->\n<title>Ch\u00ednh s\u00e1ch b\u1ea3o m\u1eadt - Nexus Health Asia<\/title>\n<meta name=\"robots\" content=\"index, follow, max-snippet:-1, max-image-preview:large, max-video-preview:-1\" \/>\n<link rel=\"canonical\" href=\"https:\/\/genequest.nexushealth-asia.com\/en\/chinh-sach-bao-mat-quyen-rieng-tu\/\" \/>\n<meta property=\"og:locale\" content=\"en_US\" \/>\n<meta property=\"og:type\" content=\"article\" \/>\n<meta property=\"og:title\" content=\"Ch\u00ednh s\u00e1ch b\u1ea3o m\u1eadt\" \/>\n<meta property=\"og:description\" content=\"Ch\u00ednh s\u00e1ch v\u00e0 B\u1ea3o m\u1eadt Ch\u00e0o m\u1eebng b\u1ea1n \u0111\u1ebfn v\u1edbi trang ch\u00ednh s\u00e1ch v\u00e0 b\u1ea3o m\u1eadt c\u1ee7a ch\u00fang t\u00f4i. D\u01b0\u1edbi \u0111\u00e2y l\u00e0 nh\u1eefng th\u00f4ng tin quan tr\u1ecdng v\u1ec1 c\u00e1ch ch\u00fang t\u00f4i thu th\u1eadp, s\u1eed d\u1ee5ng, b\u1ea3o v\u1ec7 v\u00e0 ti\u1ebft l\u1ed9 th\u00f4ng tin c\u00e1 nh\u00e2n c\u1ee7a b\u1ea1n. Thu th\u1eadp th\u00f4ng tin: Ch\u00fang t\u00f4i c\u00f3 th\u1ec3 thu [...]\" \/>\n<meta property=\"og:url\" content=\"https:\/\/genequest.nexushealth-asia.com\/en\/chinh-sach-bao-mat-quyen-rieng-tu\/\" \/>\n<meta property=\"og:site_name\" content=\"Nexus Health Asia\" \/>\n<meta property=\"article:modified_time\" content=\"2024-04-17T07:58:39+00:00\" \/>\n<meta name=\"twitter:card\" content=\"summary_large_image\" \/>\n<meta name=\"twitter:label1\" content=\"Est. reading time\" \/>\n\t<meta name=\"twitter:data1\" content=\"3 minutes\" \/>\n<script type=\"application\/ld+json\" class=\"yoast-schema-graph\">{\"@context\":\"https:\/\/schema.org\",\"@graph\":[{\"@type\":\"WebPage\",\"@id\":\"https:\/\/genequest.nexushealth-asia.com\/chinh-sach-bao-mat-quyen-rieng-tu\/\",\"url\":\"https:\/\/genequest.nexushealth-asia.com\/chinh-sach-bao-mat-quyen-rieng-tu\/\",\"name\":\"Ch\u00ednh s\u00e1ch b\u1ea3o m\u1eadt - Nexus Health Asia\",\"isPartOf\":{\"@id\":\"https:\/\/genequest.nexushealth-asia.com\/#website\"},\"datePublished\":\"2024-04-16T07:46:46+00:00\",\"dateModified\":\"2024-04-17T07:58:39+00:00\",\"breadcrumb\":{\"@id\":\"https:\/\/genequest.nexushealth-asia.com\/chinh-sach-bao-mat-quyen-rieng-tu\/#breadcrumb\"},\"inLanguage\":\"en-US\",\"potentialAction\":[{\"@type\":\"ReadAction\",\"target\":[\"https:\/\/genequest.nexushealth-asia.com\/chinh-sach-bao-mat-quyen-rieng-tu\/\"]}]},{\"@type\":\"BreadcrumbList\",\"@id\":\"https:\/\/genequest.nexushealth-asia.com\/chinh-sach-bao-mat-quyen-rieng-tu\/#breadcrumb\",\"itemListElement\":[{\"@type\":\"ListItem\",\"position\":1,\"name\":\"Trang ch\u1ee7\",\"item\":\"https:\/\/genequest.nexushealth-asia.com\/\"},{\"@type\":\"ListItem\",\"position\":2,\"name\":\"Ch\u00ednh s\u00e1ch b\u1ea3o m\u1eadt\"}]},{\"@type\":\"WebSite\",\"@id\":\"https:\/\/genequest.nexushealth-asia.com\/#website\",\"url\":\"https:\/\/genequest.nexushealth-asia.com\/\",\"name\":\"Nexus Health Asia\",\"description\":\"\",\"potentialAction\":[{\"@type\":\"SearchAction\",\"target\":{\"@type\":\"EntryPoint\",\"urlTemplate\":\"https:\/\/genequest.nexushealth-asia.com\/?s={search_term_string}\"},\"query-input\":\"required name=search_term_string\"}],\"inLanguage\":\"en-US\"}]}<\/script>\n<!-- \/ Yoast SEO Premium plugin. -->","yoast_head_json":{"title":"Ch\u00ednh s\u00e1ch b\u1ea3o m\u1eadt - Nexus Health Asia","robots":{"index":"index","follow":"follow","max-snippet":"max-snippet:-1","max-image-preview":"max-image-preview:large","max-video-preview":"max-video-preview:-1"},"canonical":"https:\/\/genequest.nexushealth-asia.com\/en\/chinh-sach-bao-mat-quyen-rieng-tu\/","og_locale":"en_US","og_type":"article","og_title":"Ch\u00ednh s\u00e1ch b\u1ea3o m\u1eadt","og_description":"Ch\u00ednh s\u00e1ch v\u00e0 B\u1ea3o m\u1eadt Ch\u00e0o m\u1eebng b\u1ea1n \u0111\u1ebfn v\u1edbi trang ch\u00ednh s\u00e1ch v\u00e0 b\u1ea3o m\u1eadt c\u1ee7a ch\u00fang t\u00f4i. D\u01b0\u1edbi \u0111\u00e2y l\u00e0 nh\u1eefng th\u00f4ng tin quan tr\u1ecdng v\u1ec1 c\u00e1ch ch\u00fang t\u00f4i thu th\u1eadp, s\u1eed d\u1ee5ng, b\u1ea3o v\u1ec7 v\u00e0 ti\u1ebft l\u1ed9 th\u00f4ng tin c\u00e1 nh\u00e2n c\u1ee7a b\u1ea1n. Thu th\u1eadp th\u00f4ng tin: Ch\u00fang t\u00f4i c\u00f3 th\u1ec3 thu [...]","og_url":"https:\/\/genequest.nexushealth-asia.com\/en\/chinh-sach-bao-mat-quyen-rieng-tu\/","og_site_name":"Nexus Health Asia","article_modified_time":"2024-04-17T07:58:39+00:00","twitter_card":"summary_large_image","twitter_misc":{"Est. reading time":"3 minutes"},"schema":{"@context":"https:\/\/schema.org","@graph":[{"@type":"WebPage","@id":"https:\/\/genequest.nexushealth-asia.com\/chinh-sach-bao-mat-quyen-rieng-tu\/","url":"https:\/\/genequest.nexushealth-asia.com\/chinh-sach-bao-mat-quyen-rieng-tu\/","name":"Ch\u00ednh s\u00e1ch b\u1ea3o m\u1eadt - Nexus Health Asia","isPartOf":{"@id":"https:\/\/genequest.nexushealth-asia.com\/#website"},"datePublished":"2024-04-16T07:46:46+00:00","dateModified":"2024-04-17T07:58:39+00:00","breadcrumb":{"@id":"https:\/\/genequest.nexushealth-asia.com\/chinh-sach-bao-mat-quyen-rieng-tu\/#breadcrumb"},"inLanguage":"en-US","potentialAction":[{"@type":"ReadAction","target":["https:\/\/genequest.nexushealth-asia.com\/chinh-sach-bao-mat-quyen-rieng-tu\/"]}]},{"@type":"BreadcrumbList","@id":"https:\/\/genequest.nexushealth-asia.com\/chinh-sach-bao-mat-quyen-rieng-tu\/#breadcrumb","itemListElement":[{"@type":"ListItem","position":1,"name":"Trang ch\u1ee7","item":"https:\/\/genequest.nexushealth-asia.com\/"},{"@type":"ListItem","position":2,"name":"Ch\u00ednh s\u00e1ch b\u1ea3o m\u1eadt"}]},{"@type":"WebSite","@id":"https:\/\/genequest.nexushealth-asia.com\/#website","url":"https:\/\/genequest.nexushealth-asia.com\/","name":"Nexus Health Asia","description":"","potentialAction":[{"@type":"SearchAction","target":{"@type":"EntryPoint","urlTemplate":"https:\/\/genequest.nexushealth-asia.com\/?s={search_term_string}"},"query-input":"required name=search_term_string"}],"inLanguage":"en-US"}]}},"_links":{"self":[{"href":"https:\/\/genequest.nexushealth-asia.com\/en\/wp-json\/wp\/v2\/pages\/343","targetHints":{"allow":["GET"]}}],"collection":[{"href":"https:\/\/genequest.nexushealth-asia.com\/en\/wp-json\/wp\/v2\/pages"}],"about":[{"href":"https:\/\/genequest.nexushealth-asia.com\/en\/wp-json\/wp\/v2\/types\/page"}],"author":[{"embeddable":true,"href":"https:\/\/genequest.nexushealth-asia.com\/en\/wp-json\/wp\/v2\/users\/2"}],"replies":[{"embeddable":true,"href":"https:\/\/genequest.nexushealth-asia.com\/en\/wp-json\/wp\/v2\/comments?post=343"}],"version-history":[{"count":4,"href":"https:\/\/genequest.nexushealth-asia.com\/en\/wp-json\/wp\/v2\/pages\/343\/revisions"}],"predecessor-version":[{"id":390,"href":"https:\/\/genequest.nexushealth-asia.com\/en\/wp-json\/wp\/v2\/pages\/343\/revisions\/390"}],"wp:attachment":[{"href":"https:\/\/genequest.nexushealth-asia.com\/en\/wp-json\/wp\/v2\/media?parent=343"}],"curies":[{"name":"wp","href":"https:\/\/api.w.org\/{rel}","templated":true}]}}