{"id":348,"date":"2024-04-16T14:48:26","date_gmt":"2024-04-16T07:48:26","guid":{"rendered":"http:\/\/genequest.nexushealth-asia.com\/?page_id=348"},"modified":"2024-04-17T15:12:27","modified_gmt":"2024-04-17T08:12:27","slug":"phuong-thuc-cung-cap-dich-vu","status":"publish","type":"page","link":"https:\/\/genequest.nexushealth-asia.com\/en\/phuong-thuc-cung-cap-dich-vu\/","title":{"rendered":"Method of providing services"},"content":{"rendered":"<p><strong>Service Delivery Policy<\/strong><\/p>\n<p>Welcome to our Service Delivery Policy page. This page provides detailed information about how we deliver medical services and the processes we follow to ensure quality and reliability. Please read and understand these policies carefully before using our services.<\/p>\n<p><strong>1. Service Acceptance and Registration Process:<\/strong><\/p>\n<p>You can register for our services online or in person at our facilities.<\/p>\n<p>We will collect your medical information and create a personal profile to proceed with appropriate services.<\/p>\n<p><strong>2. Customer Care:<\/strong><\/p>\n<p>We are committed to providing professional and thoughtful customer service, helping you answer all questions and resolve all problems.<\/p>\n<p>You can contact us by phone, email or in person at our facilities.<\/p>\n<p><strong>3. Information Security:<\/strong><\/p>\n<p>We are committed to protecting your personal information and only using it for the purpose of providing your medical and healthcare-related services.<\/p>\n<p>All medical information and related documents will be kept confidential and will only be disclosed with your consent or as required by law.<\/p>\n<p><strong>4. Payment Process:<\/strong><\/p>\n<p>We accept payments via methods such as bank transfer, credit card or cash at our facility.<\/p>\n<p>A detailed invoice will be provided and you can request any clarifications regarding payment.<\/p>\n<p><strong>5. Service Quality Guarantee:<\/strong><\/p>\n<p>We are committed to providing high quality and reliable medical services, complying with medical industry processes and regulations.<\/p>\n<p><strong>6. Feedback and Complaints:<\/strong><\/p>\n<p>We always welcome feedback and complaints from customers to improve our services.<\/p>\n<p>Any complaints will be resolved promptly and fairly.<\/p>\n<p><strong>7. Contact:<\/strong><\/p>\n<p>If you have any questions or requests about this policy, please contact us via the contact information provided on our website.<\/p>\n<p>Thank you for choosing us to provide medical services. We are committed to bringing the highest satisfaction to you and your family.<\/p>\n<p>\u00a0<\/p>\n<div id=\"gtx-trans\" style=\"position: absolute; left: 126px; top: 33.3906px;\">\n<div class=\"gtx-trans-icon\">\u00a0<\/div>\n<\/div>","protected":false},"excerpt":{"rendered":"<p>Ch\u00ednh S\u00e1ch Ph\u01b0\u01a1ng Th\u1ee9c Cung C\u1ea5p D\u1ecbch V\u1ee5 Ch\u00e0o m\u1eebng b\u1ea1n \u0111\u1ebfn v\u1edbi trang Ch\u00ednh S\u00e1ch Ph\u01b0\u01a1ng Th\u1ee9c Cung C\u1ea5p D\u1ecbch V\u1ee5 c\u1ee7a ch\u00fang t\u00f4i. Trang n\u00e0y cung c\u1ea5p th\u00f4ng tin chi ti\u1ebft v\u1ec1 c\u00e1ch ch\u00fang t\u00f4i cung c\u1ea5p c\u00e1c d\u1ecbch v\u1ee5 y t\u1ebf v\u00e0 quy tr\u00ecnh m\u00e0 ch\u00fang t\u00f4i tu\u00e2n th\u1ee7 \u0111\u1ec3 \u0111\u1ea3m b\u1ea3o [&#8230;]","protected":false},"author":2,"featured_media":0,"parent":0,"menu_order":0,"comment_status":"closed","ping_status":"closed","template":"page-left-sidebar-cs.php","meta":{"inline_featured_image":false,"footnotes":""},"class_list":["post-348","page","type-page","status-publish","hentry"],"acf":[],"yoast_head":"<!-- This site is optimized with the Yoast SEO Premium plugin v20.9 (Yoast SEO v20.9) - https:\/\/yoast.com\/wordpress\/plugins\/seo\/ -->\n<title>Ph\u01b0\u01a1ng th\u1ee9c cung c\u1ea5p d\u1ecbch v\u1ee5 - Nexus Health Asia<\/title>\n<meta name=\"robots\" content=\"index, follow, max-snippet:-1, max-image-preview:large, max-video-preview:-1\" \/>\n<link rel=\"canonical\" href=\"https:\/\/genequest.nexushealth-asia.com\/en\/phuong-thuc-cung-cap-dich-vu\/\" \/>\n<meta property=\"og:locale\" content=\"en_US\" \/>\n<meta property=\"og:type\" content=\"article\" \/>\n<meta property=\"og:title\" content=\"Ph\u01b0\u01a1ng th\u1ee9c cung c\u1ea5p d\u1ecbch v\u1ee5\" \/>\n<meta property=\"og:description\" content=\"Ch\u00ednh S\u00e1ch Ph\u01b0\u01a1ng Th\u1ee9c Cung C\u1ea5p D\u1ecbch V\u1ee5 Ch\u00e0o m\u1eebng b\u1ea1n \u0111\u1ebfn v\u1edbi trang Ch\u00ednh S\u00e1ch Ph\u01b0\u01a1ng Th\u1ee9c Cung C\u1ea5p D\u1ecbch V\u1ee5 c\u1ee7a ch\u00fang t\u00f4i. Trang n\u00e0y cung c\u1ea5p th\u00f4ng tin chi ti\u1ebft v\u1ec1 c\u00e1ch ch\u00fang t\u00f4i cung c\u1ea5p c\u00e1c d\u1ecbch v\u1ee5 y t\u1ebf v\u00e0 quy tr\u00ecnh m\u00e0 ch\u00fang t\u00f4i tu\u00e2n th\u1ee7 \u0111\u1ec3 \u0111\u1ea3m b\u1ea3o [...]\" \/>\n<meta property=\"og:url\" content=\"https:\/\/genequest.nexushealth-asia.com\/en\/phuong-thuc-cung-cap-dich-vu\/\" \/>\n<meta property=\"og:site_name\" content=\"Nexus Health Asia\" \/>\n<meta property=\"article:modified_time\" content=\"2024-04-17T08:12:27+00:00\" \/>\n<meta name=\"twitter:card\" content=\"summary_large_image\" \/>\n<script type=\"application\/ld+json\" class=\"yoast-schema-graph\">{\"@context\":\"https:\/\/schema.org\",\"@graph\":[{\"@type\":\"WebPage\",\"@id\":\"https:\/\/genequest.nexushealth-asia.com\/phuong-thuc-cung-cap-dich-vu\/\",\"url\":\"https:\/\/genequest.nexushealth-asia.com\/phuong-thuc-cung-cap-dich-vu\/\",\"name\":\"Ph\u01b0\u01a1ng th\u1ee9c cung c\u1ea5p d\u1ecbch v\u1ee5 - Nexus Health Asia\",\"isPartOf\":{\"@id\":\"https:\/\/genequest.nexushealth-asia.com\/#website\"},\"datePublished\":\"2024-04-16T07:48:26+00:00\",\"dateModified\":\"2024-04-17T08:12:27+00:00\",\"breadcrumb\":{\"@id\":\"https:\/\/genequest.nexushealth-asia.com\/phuong-thuc-cung-cap-dich-vu\/#breadcrumb\"},\"inLanguage\":\"en-US\",\"potentialAction\":[{\"@type\":\"ReadAction\",\"target\":[\"https:\/\/genequest.nexushealth-asia.com\/phuong-thuc-cung-cap-dich-vu\/\"]}]},{\"@type\":\"BreadcrumbList\",\"@id\":\"https:\/\/genequest.nexushealth-asia.com\/phuong-thuc-cung-cap-dich-vu\/#breadcrumb\",\"itemListElement\":[{\"@type\":\"ListItem\",\"position\":1,\"name\":\"Trang ch\u1ee7\",\"item\":\"https:\/\/genequest.nexushealth-asia.com\/\"},{\"@type\":\"ListItem\",\"position\":2,\"name\":\"Ph\u01b0\u01a1ng th\u1ee9c cung c\u1ea5p d\u1ecbch v\u1ee5\"}]},{\"@type\":\"WebSite\",\"@id\":\"https:\/\/genequest.nexushealth-asia.com\/#website\",\"url\":\"https:\/\/genequest.nexushealth-asia.com\/\",\"name\":\"Nexus Health Asia\",\"description\":\"\",\"potentialAction\":[{\"@type\":\"SearchAction\",\"target\":{\"@type\":\"EntryPoint\",\"urlTemplate\":\"https:\/\/genequest.nexushealth-asia.com\/?s={search_term_string}\"},\"query-input\":\"required name=search_term_string\"}],\"inLanguage\":\"en-US\"}]}<\/script>\n<!-- \/ Yoast SEO Premium plugin. -->","yoast_head_json":{"title":"Ph\u01b0\u01a1ng th\u1ee9c cung c\u1ea5p d\u1ecbch v\u1ee5 - Nexus Health Asia","robots":{"index":"index","follow":"follow","max-snippet":"max-snippet:-1","max-image-preview":"max-image-preview:large","max-video-preview":"max-video-preview:-1"},"canonical":"https:\/\/genequest.nexushealth-asia.com\/en\/phuong-thuc-cung-cap-dich-vu\/","og_locale":"en_US","og_type":"article","og_title":"Ph\u01b0\u01a1ng th\u1ee9c cung c\u1ea5p d\u1ecbch v\u1ee5","og_description":"Ch\u00ednh S\u00e1ch Ph\u01b0\u01a1ng Th\u1ee9c Cung C\u1ea5p D\u1ecbch V\u1ee5 Ch\u00e0o m\u1eebng b\u1ea1n \u0111\u1ebfn v\u1edbi trang Ch\u00ednh S\u00e1ch Ph\u01b0\u01a1ng Th\u1ee9c Cung C\u1ea5p D\u1ecbch V\u1ee5 c\u1ee7a ch\u00fang t\u00f4i. Trang n\u00e0y cung c\u1ea5p th\u00f4ng tin chi ti\u1ebft v\u1ec1 c\u00e1ch ch\u00fang t\u00f4i cung c\u1ea5p c\u00e1c d\u1ecbch v\u1ee5 y t\u1ebf v\u00e0 quy tr\u00ecnh m\u00e0 ch\u00fang t\u00f4i tu\u00e2n th\u1ee7 \u0111\u1ec3 \u0111\u1ea3m b\u1ea3o [...]","og_url":"https:\/\/genequest.nexushealth-asia.com\/en\/phuong-thuc-cung-cap-dich-vu\/","og_site_name":"Nexus Health Asia","article_modified_time":"2024-04-17T08:12:27+00:00","twitter_card":"summary_large_image","schema":{"@context":"https:\/\/schema.org","@graph":[{"@type":"WebPage","@id":"https:\/\/genequest.nexushealth-asia.com\/phuong-thuc-cung-cap-dich-vu\/","url":"https:\/\/genequest.nexushealth-asia.com\/phuong-thuc-cung-cap-dich-vu\/","name":"Ph\u01b0\u01a1ng th\u1ee9c cung c\u1ea5p d\u1ecbch v\u1ee5 - Nexus Health Asia","isPartOf":{"@id":"https:\/\/genequest.nexushealth-asia.com\/#website"},"datePublished":"2024-04-16T07:48:26+00:00","dateModified":"2024-04-17T08:12:27+00:00","breadcrumb":{"@id":"https:\/\/genequest.nexushealth-asia.com\/phuong-thuc-cung-cap-dich-vu\/#breadcrumb"},"inLanguage":"en-US","potentialAction":[{"@type":"ReadAction","target":["https:\/\/genequest.nexushealth-asia.com\/phuong-thuc-cung-cap-dich-vu\/"]}]},{"@type":"BreadcrumbList","@id":"https:\/\/genequest.nexushealth-asia.com\/phuong-thuc-cung-cap-dich-vu\/#breadcrumb","itemListElement":[{"@type":"ListItem","position":1,"name":"Trang ch\u1ee7","item":"https:\/\/genequest.nexushealth-asia.com\/"},{"@type":"ListItem","position":2,"name":"Ph\u01b0\u01a1ng th\u1ee9c cung c\u1ea5p d\u1ecbch v\u1ee5"}]},{"@type":"WebSite","@id":"https:\/\/genequest.nexushealth-asia.com\/#website","url":"https:\/\/genequest.nexushealth-asia.com\/","name":"Nexus Health Asia","description":"","potentialAction":[{"@type":"SearchAction","target":{"@type":"EntryPoint","urlTemplate":"https:\/\/genequest.nexushealth-asia.com\/?s={search_term_string}"},"query-input":"required name=search_term_string"}],"inLanguage":"en-US"}]}},"_links":{"self":[{"href":"https:\/\/genequest.nexushealth-asia.com\/en\/wp-json\/wp\/v2\/pages\/348","targetHints":{"allow":["GET"]}}],"collection":[{"href":"https:\/\/genequest.nexushealth-asia.com\/en\/wp-json\/wp\/v2\/pages"}],"about":[{"href":"https:\/\/genequest.nexushealth-asia.com\/en\/wp-json\/wp\/v2\/types\/page"}],"author":[{"embeddable":true,"href":"https:\/\/genequest.nexushealth-asia.com\/en\/wp-json\/wp\/v2\/users\/2"}],"replies":[{"embeddable":true,"href":"https:\/\/genequest.nexushealth-asia.com\/en\/wp-json\/wp\/v2\/comments?post=348"}],"version-history":[{"count":2,"href":"https:\/\/genequest.nexushealth-asia.com\/en\/wp-json\/wp\/v2\/pages\/348\/revisions"}],"predecessor-version":[{"id":393,"href":"https:\/\/genequest.nexushealth-asia.com\/en\/wp-json\/wp\/v2\/pages\/348\/revisions\/393"}],"wp:attachment":[{"href":"https:\/\/genequest.nexushealth-asia.com\/en\/wp-json\/wp\/v2\/media?parent=348"}],"curies":[{"name":"wp","href":"https:\/\/api.w.org\/{rel}","templated":true}]}}