{"id":351,"date":"2024-04-16T14:48:46","date_gmt":"2024-04-16T07:48:46","guid":{"rendered":"http:\/\/genequest.nexushealth-asia.com\/?page_id=351"},"modified":"2024-04-17T15:15:16","modified_gmt":"2024-04-17T08:15:16","slug":"phuong-thuc-thanh-toan","status":"publish","type":"page","link":"https:\/\/genequest.nexushealth-asia.com\/en\/phuong-thuc-thanh-toan\/","title":{"rendered":"Payment methods"},"content":{"rendered":"<h2><strong>Payment policy<\/strong><\/h2>\n<p>Welcome to our Payment Policy page. This page provides detailed information about payment methods and payment conditions that apply when you use our services in the medical field. Please read and understand these policies carefully before making payment.<\/p>\n<p><strong>1. Payment Method:<\/strong><\/p>\n<p>We accept payments by a variety of methods, including bank transfers, credit cards, cash and online payments.<\/p>\n<p>Detailed information about payment methods will be provided when you register to use our service.<\/p>\n<p><strong>2. Online Payment:<\/strong><\/p>\n<p>You can pay online through secure and encrypted payment gateways.<\/p>\n<p>We are committed to keeping your payment information secure and do not store your credit card information on our system.<\/p>\n<p><strong>3. Prepaid Payments and Recurring Payments:<\/strong><\/p>\n<p>You can choose to pay upfront or periodically according to the service packages we provide.<\/p>\n<p>Recurring payments will be made automatically according to the cycle you selected.<\/p>\n<p><strong>4. Invoice and Payment Voucher:<\/strong><\/p>\n<p>We will provide detailed invoices and payment slips for each payment transaction.<\/p>\n<p>You can request invoices and payment slips via email or at our office.<\/p>\n<p><strong>5. Payment Term:<\/strong><\/p>\n<p>Payment terms will be clearly stated in the invoice or on our website.<\/p>\n<p>We aim to receive payment on time to ensure uninterrupted service.<\/p>\n<p><strong>6. Contact:<\/strong><\/p>\n<p>If you have any questions or requests about our payment policy, please contact us via the contact information provided on our website.<\/p>\n<p>Thank you for choosing us to provide medical services. We are committed to bringing you the highest satisfaction and trust.<\/p>\n<div id=\"gtx-trans\" style=\"position: absolute; left: 126px; top: 33.3906px;\">\n<div class=\"gtx-trans-icon\">\u00a0<\/div>\n<\/div>","protected":false},"excerpt":{"rendered":"<p>Ch\u00ednh S\u00e1ch Thanh To\u00e1n Ch\u00e0o m\u1eebng b\u1ea1n \u0111\u1ebfn v\u1edbi trang Ch\u00ednh S\u00e1ch Thanh To\u00e1n c\u1ee7a ch\u00fang t\u00f4i. Trang n\u00e0y cung c\u1ea5p th\u00f4ng tin chi ti\u1ebft v\u1ec1 c\u00e1c ph\u01b0\u01a1ng th\u1ee9c thanh to\u00e1n v\u00e0 \u0111i\u1ec1u ki\u1ec7n thanh to\u00e1n \u00e1p d\u1ee5ng khi b\u1ea1n s\u1eed d\u1ee5ng d\u1ecbch v\u1ee5 c\u1ee7a ch\u00fang t\u00f4i trong l\u0129nh v\u1ef1c y t\u1ebf. Vui l\u00f2ng \u0111\u1ecdc [&#8230;]","protected":false},"author":2,"featured_media":0,"parent":0,"menu_order":0,"comment_status":"closed","ping_status":"closed","template":"page-left-sidebar-cs.php","meta":{"inline_featured_image":false,"footnotes":""},"class_list":["post-351","page","type-page","status-publish","hentry"],"acf":[],"yoast_head":"<!-- This site is optimized with the Yoast SEO Premium plugin v20.9 (Yoast SEO v20.9) - https:\/\/yoast.com\/wordpress\/plugins\/seo\/ -->\n<title>Ph\u01b0\u01a1ng th\u1ee9c Thanh to\u00e1n - Nexus Health Asia<\/title>\n<meta name=\"robots\" content=\"index, follow, max-snippet:-1, max-image-preview:large, max-video-preview:-1\" \/>\n<link rel=\"canonical\" href=\"https:\/\/genequest.nexushealth-asia.com\/en\/phuong-thuc-thanh-toan\/\" \/>\n<meta property=\"og:locale\" content=\"en_US\" \/>\n<meta property=\"og:type\" content=\"article\" \/>\n<meta property=\"og:title\" content=\"Ph\u01b0\u01a1ng th\u1ee9c Thanh to\u00e1n\" \/>\n<meta property=\"og:description\" content=\"Ch\u00ednh S\u00e1ch Thanh To\u00e1n Ch\u00e0o m\u1eebng b\u1ea1n \u0111\u1ebfn v\u1edbi trang Ch\u00ednh S\u00e1ch Thanh To\u00e1n c\u1ee7a ch\u00fang t\u00f4i. Trang n\u00e0y cung c\u1ea5p th\u00f4ng tin chi ti\u1ebft v\u1ec1 c\u00e1c ph\u01b0\u01a1ng th\u1ee9c thanh to\u00e1n v\u00e0 \u0111i\u1ec1u ki\u1ec7n thanh to\u00e1n \u00e1p d\u1ee5ng khi b\u1ea1n s\u1eed d\u1ee5ng d\u1ecbch v\u1ee5 c\u1ee7a ch\u00fang t\u00f4i trong l\u0129nh v\u1ef1c y t\u1ebf. Vui l\u00f2ng \u0111\u1ecdc [...]\" \/>\n<meta property=\"og:url\" content=\"https:\/\/genequest.nexushealth-asia.com\/en\/phuong-thuc-thanh-toan\/\" \/>\n<meta property=\"og:site_name\" content=\"Nexus Health Asia\" \/>\n<meta property=\"article:modified_time\" content=\"2024-04-17T08:15:16+00:00\" \/>\n<meta name=\"twitter:card\" content=\"summary_large_image\" \/>\n<script type=\"application\/ld+json\" class=\"yoast-schema-graph\">{\"@context\":\"https:\/\/schema.org\",\"@graph\":[{\"@type\":\"WebPage\",\"@id\":\"https:\/\/genequest.nexushealth-asia.com\/phuong-thuc-thanh-toan\/\",\"url\":\"https:\/\/genequest.nexushealth-asia.com\/phuong-thuc-thanh-toan\/\",\"name\":\"Ph\u01b0\u01a1ng th\u1ee9c Thanh to\u00e1n - Nexus Health Asia\",\"isPartOf\":{\"@id\":\"https:\/\/genequest.nexushealth-asia.com\/#website\"},\"datePublished\":\"2024-04-16T07:48:46+00:00\",\"dateModified\":\"2024-04-17T08:15:16+00:00\",\"breadcrumb\":{\"@id\":\"https:\/\/genequest.nexushealth-asia.com\/phuong-thuc-thanh-toan\/#breadcrumb\"},\"inLanguage\":\"en-US\",\"potentialAction\":[{\"@type\":\"ReadAction\",\"target\":[\"https:\/\/genequest.nexushealth-asia.com\/phuong-thuc-thanh-toan\/\"]}]},{\"@type\":\"BreadcrumbList\",\"@id\":\"https:\/\/genequest.nexushealth-asia.com\/phuong-thuc-thanh-toan\/#breadcrumb\",\"itemListElement\":[{\"@type\":\"ListItem\",\"position\":1,\"name\":\"Trang ch\u1ee7\",\"item\":\"https:\/\/genequest.nexushealth-asia.com\/\"},{\"@type\":\"ListItem\",\"position\":2,\"name\":\"Ph\u01b0\u01a1ng th\u1ee9c Thanh to\u00e1n\"}]},{\"@type\":\"WebSite\",\"@id\":\"https:\/\/genequest.nexushealth-asia.com\/#website\",\"url\":\"https:\/\/genequest.nexushealth-asia.com\/\",\"name\":\"Nexus Health Asia\",\"description\":\"\",\"potentialAction\":[{\"@type\":\"SearchAction\",\"target\":{\"@type\":\"EntryPoint\",\"urlTemplate\":\"https:\/\/genequest.nexushealth-asia.com\/?s={search_term_string}\"},\"query-input\":\"required name=search_term_string\"}],\"inLanguage\":\"en-US\"}]}<\/script>\n<!-- \/ Yoast SEO Premium plugin. -->","yoast_head_json":{"title":"Ph\u01b0\u01a1ng th\u1ee9c Thanh to\u00e1n - Nexus Health Asia","robots":{"index":"index","follow":"follow","max-snippet":"max-snippet:-1","max-image-preview":"max-image-preview:large","max-video-preview":"max-video-preview:-1"},"canonical":"https:\/\/genequest.nexushealth-asia.com\/en\/phuong-thuc-thanh-toan\/","og_locale":"en_US","og_type":"article","og_title":"Ph\u01b0\u01a1ng th\u1ee9c Thanh to\u00e1n","og_description":"Ch\u00ednh S\u00e1ch Thanh To\u00e1n Ch\u00e0o m\u1eebng b\u1ea1n \u0111\u1ebfn v\u1edbi trang Ch\u00ednh S\u00e1ch Thanh To\u00e1n c\u1ee7a ch\u00fang t\u00f4i. Trang n\u00e0y cung c\u1ea5p th\u00f4ng tin chi ti\u1ebft v\u1ec1 c\u00e1c ph\u01b0\u01a1ng th\u1ee9c thanh to\u00e1n v\u00e0 \u0111i\u1ec1u ki\u1ec7n thanh to\u00e1n \u00e1p d\u1ee5ng khi b\u1ea1n s\u1eed d\u1ee5ng d\u1ecbch v\u1ee5 c\u1ee7a ch\u00fang t\u00f4i trong l\u0129nh v\u1ef1c y t\u1ebf. Vui l\u00f2ng \u0111\u1ecdc [...]","og_url":"https:\/\/genequest.nexushealth-asia.com\/en\/phuong-thuc-thanh-toan\/","og_site_name":"Nexus Health Asia","article_modified_time":"2024-04-17T08:15:16+00:00","twitter_card":"summary_large_image","schema":{"@context":"https:\/\/schema.org","@graph":[{"@type":"WebPage","@id":"https:\/\/genequest.nexushealth-asia.com\/phuong-thuc-thanh-toan\/","url":"https:\/\/genequest.nexushealth-asia.com\/phuong-thuc-thanh-toan\/","name":"Ph\u01b0\u01a1ng th\u1ee9c Thanh to\u00e1n - Nexus Health Asia","isPartOf":{"@id":"https:\/\/genequest.nexushealth-asia.com\/#website"},"datePublished":"2024-04-16T07:48:46+00:00","dateModified":"2024-04-17T08:15:16+00:00","breadcrumb":{"@id":"https:\/\/genequest.nexushealth-asia.com\/phuong-thuc-thanh-toan\/#breadcrumb"},"inLanguage":"en-US","potentialAction":[{"@type":"ReadAction","target":["https:\/\/genequest.nexushealth-asia.com\/phuong-thuc-thanh-toan\/"]}]},{"@type":"BreadcrumbList","@id":"https:\/\/genequest.nexushealth-asia.com\/phuong-thuc-thanh-toan\/#breadcrumb","itemListElement":[{"@type":"ListItem","position":1,"name":"Trang ch\u1ee7","item":"https:\/\/genequest.nexushealth-asia.com\/"},{"@type":"ListItem","position":2,"name":"Ph\u01b0\u01a1ng th\u1ee9c Thanh to\u00e1n"}]},{"@type":"WebSite","@id":"https:\/\/genequest.nexushealth-asia.com\/#website","url":"https:\/\/genequest.nexushealth-asia.com\/","name":"Nexus Health Asia","description":"","potentialAction":[{"@type":"SearchAction","target":{"@type":"EntryPoint","urlTemplate":"https:\/\/genequest.nexushealth-asia.com\/?s={search_term_string}"},"query-input":"required name=search_term_string"}],"inLanguage":"en-US"}]}},"_links":{"self":[{"href":"https:\/\/genequest.nexushealth-asia.com\/en\/wp-json\/wp\/v2\/pages\/351","targetHints":{"allow":["GET"]}}],"collection":[{"href":"https:\/\/genequest.nexushealth-asia.com\/en\/wp-json\/wp\/v2\/pages"}],"about":[{"href":"https:\/\/genequest.nexushealth-asia.com\/en\/wp-json\/wp\/v2\/types\/page"}],"author":[{"embeddable":true,"href":"https:\/\/genequest.nexushealth-asia.com\/en\/wp-json\/wp\/v2\/users\/2"}],"replies":[{"embeddable":true,"href":"https:\/\/genequest.nexushealth-asia.com\/en\/wp-json\/wp\/v2\/comments?post=351"}],"version-history":[{"count":2,"href":"https:\/\/genequest.nexushealth-asia.com\/en\/wp-json\/wp\/v2\/pages\/351\/revisions"}],"predecessor-version":[{"id":395,"href":"https:\/\/genequest.nexushealth-asia.com\/en\/wp-json\/wp\/v2\/pages\/351\/revisions\/395"}],"wp:attachment":[{"href":"https:\/\/genequest.nexushealth-asia.com\/en\/wp-json\/wp\/v2\/media?parent=351"}],"curies":[{"name":"wp","href":"https:\/\/api.w.org\/{rel}","templated":true}]}}