{"id":353,"date":"2024-04-16T14:49:06","date_gmt":"2024-04-16T07:49:06","guid":{"rendered":"http:\/\/genequest.nexushealth-asia.com\/?page_id=353"},"modified":"2024-04-17T15:18:21","modified_gmt":"2024-04-17T08:18:21","slug":"chinh-sach-xu-ly-khieu-nai","status":"publish","type":"page","link":"https:\/\/genequest.nexushealth-asia.com\/en\/chinh-sach-xu-ly-khieu-nai\/","title":{"rendered":"Complaint Handling Policy"},"content":{"rendered":"<h2><strong>Complaint Handling Policy<\/strong><\/h2>\n<p>Welcome to our Complaints Handling Policy page. This page provides details of our complaints handling process and the measures we take to resolve any issues fairly and effectively. Please read and understand these policies carefully before making a complaint.<\/p>\n<p><strong>1. Complaint Process:<\/strong><\/p>\n<p>Any customer who is dissatisfied with our service has the right to complain.<\/p>\n<p>Complaints can be made directly to us by email, phone or at our office.<\/p>\n<p><strong>2. Complaint Handling:<\/strong><\/p>\n<p>We are committed to handling all complaints quickly and fairly.<\/p>\n<p>All complaints will be recorded, checked and resolved as soon as possible.<\/p>\n<p><strong>3. Complaint Response:<\/strong><\/p>\n<p>We will provide detailed feedback on the complaint handling process and the measures taken to resolve the issue.<\/p>\n<p>The customer will be informed of the outcome of the complaint via email or phone call.<\/p>\n<p><strong>4. Conflict Resolution:<\/strong><\/p>\n<p>In case the complaint is not resolved agreeably, we will assist customers in finding external conflict resolution options.<\/p>\n<p><strong>5. Contact:<\/strong><\/p>\n<p>If you have any questions or complaints, please contact us via the contact information provided on our website.<\/p>\n<p>Thank you for trusting and using our services. We are committed to resolving all complaints fairly and promptly to ensure your satisfaction.<\/p>\n<p>\u00a0<\/p>\n<div id=\"gtx-trans\" style=\"position: absolute; left: 126px; top: 33.3906px;\">\n<div class=\"gtx-trans-icon\">\u00a0<\/div>\n<\/div>","protected":false},"excerpt":{"rendered":"<p>Ch\u00ednh S\u00e1ch X\u1eed L\u00fd Khi\u1ebfu N\u1ea1i Ch\u00e0o m\u1eebng b\u1ea1n \u0111\u1ebfn v\u1edbi trang Ch\u00ednh S\u00e1ch X\u1eed L\u00fd Khi\u1ebfu N\u1ea1i c\u1ee7a ch\u00fang t\u00f4i. Trang n\u00e0y cung c\u1ea5p th\u00f4ng tin chi ti\u1ebft v\u1ec1 quy tr\u00ecnh x\u1eed l\u00fd khi\u1ebfu n\u1ea1i v\u00e0 c\u00e1c bi\u1ec7n ph\u00e1p m\u00e0 ch\u00fang t\u00f4i \u00e1p d\u1ee5ng \u0111\u1ec3 gi\u1ea3i quy\u1ebft m\u1ecdi v\u1ea5n \u0111\u1ec1 m\u1ed9t c\u00e1ch c\u00f4ng b\u1eb1ng [&#8230;]","protected":false},"author":2,"featured_media":0,"parent":0,"menu_order":0,"comment_status":"closed","ping_status":"closed","template":"page-left-sidebar-cs.php","meta":{"inline_featured_image":false,"footnotes":""},"class_list":["post-353","page","type-page","status-publish","hentry"],"acf":[],"yoast_head":"<!-- This site is optimized with the Yoast SEO Premium plugin v20.9 (Yoast SEO v20.9) - https:\/\/yoast.com\/wordpress\/plugins\/seo\/ -->\n<title>Ch\u00ednh s\u00e1ch X\u1eed l\u00fd Khi\u1ebfu n\u1ea1i - Nexus Health Asia<\/title>\n<meta name=\"robots\" content=\"index, follow, max-snippet:-1, max-image-preview:large, max-video-preview:-1\" \/>\n<link rel=\"canonical\" href=\"https:\/\/genequest.nexushealth-asia.com\/en\/chinh-sach-xu-ly-khieu-nai\/\" \/>\n<meta property=\"og:locale\" content=\"en_US\" \/>\n<meta property=\"og:type\" content=\"article\" \/>\n<meta property=\"og:title\" content=\"Ch\u00ednh s\u00e1ch X\u1eed l\u00fd Khi\u1ebfu n\u1ea1i\" \/>\n<meta property=\"og:description\" content=\"Ch\u00ednh S\u00e1ch X\u1eed L\u00fd Khi\u1ebfu N\u1ea1i Ch\u00e0o m\u1eebng b\u1ea1n \u0111\u1ebfn v\u1edbi trang Ch\u00ednh S\u00e1ch X\u1eed L\u00fd Khi\u1ebfu N\u1ea1i c\u1ee7a ch\u00fang t\u00f4i. Trang n\u00e0y cung c\u1ea5p th\u00f4ng tin chi ti\u1ebft v\u1ec1 quy tr\u00ecnh x\u1eed l\u00fd khi\u1ebfu n\u1ea1i v\u00e0 c\u00e1c bi\u1ec7n ph\u00e1p m\u00e0 ch\u00fang t\u00f4i \u00e1p d\u1ee5ng \u0111\u1ec3 gi\u1ea3i quy\u1ebft m\u1ecdi v\u1ea5n \u0111\u1ec1 m\u1ed9t c\u00e1ch c\u00f4ng b\u1eb1ng [...]\" \/>\n<meta property=\"og:url\" content=\"https:\/\/genequest.nexushealth-asia.com\/en\/chinh-sach-xu-ly-khieu-nai\/\" \/>\n<meta property=\"og:site_name\" content=\"Nexus Health Asia\" \/>\n<meta property=\"article:modified_time\" content=\"2024-04-17T08:18:21+00:00\" \/>\n<meta name=\"twitter:card\" content=\"summary_large_image\" \/>\n<script type=\"application\/ld+json\" class=\"yoast-schema-graph\">{\"@context\":\"https:\/\/schema.org\",\"@graph\":[{\"@type\":\"WebPage\",\"@id\":\"https:\/\/genequest.nexushealth-asia.com\/chinh-sach-xu-ly-khieu-nai\/\",\"url\":\"https:\/\/genequest.nexushealth-asia.com\/chinh-sach-xu-ly-khieu-nai\/\",\"name\":\"Ch\u00ednh s\u00e1ch X\u1eed l\u00fd Khi\u1ebfu n\u1ea1i - Nexus Health Asia\",\"isPartOf\":{\"@id\":\"https:\/\/genequest.nexushealth-asia.com\/#website\"},\"datePublished\":\"2024-04-16T07:49:06+00:00\",\"dateModified\":\"2024-04-17T08:18:21+00:00\",\"breadcrumb\":{\"@id\":\"https:\/\/genequest.nexushealth-asia.com\/chinh-sach-xu-ly-khieu-nai\/#breadcrumb\"},\"inLanguage\":\"en-US\",\"potentialAction\":[{\"@type\":\"ReadAction\",\"target\":[\"https:\/\/genequest.nexushealth-asia.com\/chinh-sach-xu-ly-khieu-nai\/\"]}]},{\"@type\":\"BreadcrumbList\",\"@id\":\"https:\/\/genequest.nexushealth-asia.com\/chinh-sach-xu-ly-khieu-nai\/#breadcrumb\",\"itemListElement\":[{\"@type\":\"ListItem\",\"position\":1,\"name\":\"Trang ch\u1ee7\",\"item\":\"https:\/\/genequest.nexushealth-asia.com\/\"},{\"@type\":\"ListItem\",\"position\":2,\"name\":\"Ch\u00ednh s\u00e1ch X\u1eed l\u00fd Khi\u1ebfu n\u1ea1i\"}]},{\"@type\":\"WebSite\",\"@id\":\"https:\/\/genequest.nexushealth-asia.com\/#website\",\"url\":\"https:\/\/genequest.nexushealth-asia.com\/\",\"name\":\"Nexus Health Asia\",\"description\":\"\",\"potentialAction\":[{\"@type\":\"SearchAction\",\"target\":{\"@type\":\"EntryPoint\",\"urlTemplate\":\"https:\/\/genequest.nexushealth-asia.com\/?s={search_term_string}\"},\"query-input\":\"required name=search_term_string\"}],\"inLanguage\":\"en-US\"}]}<\/script>\n<!-- \/ Yoast SEO Premium plugin. -->","yoast_head_json":{"title":"Ch\u00ednh s\u00e1ch X\u1eed l\u00fd Khi\u1ebfu n\u1ea1i - Nexus Health Asia","robots":{"index":"index","follow":"follow","max-snippet":"max-snippet:-1","max-image-preview":"max-image-preview:large","max-video-preview":"max-video-preview:-1"},"canonical":"https:\/\/genequest.nexushealth-asia.com\/en\/chinh-sach-xu-ly-khieu-nai\/","og_locale":"en_US","og_type":"article","og_title":"Ch\u00ednh s\u00e1ch X\u1eed l\u00fd Khi\u1ebfu n\u1ea1i","og_description":"Ch\u00ednh S\u00e1ch X\u1eed L\u00fd Khi\u1ebfu N\u1ea1i Ch\u00e0o m\u1eebng b\u1ea1n \u0111\u1ebfn v\u1edbi trang Ch\u00ednh S\u00e1ch X\u1eed L\u00fd Khi\u1ebfu N\u1ea1i c\u1ee7a ch\u00fang t\u00f4i. Trang n\u00e0y cung c\u1ea5p th\u00f4ng tin chi ti\u1ebft v\u1ec1 quy tr\u00ecnh x\u1eed l\u00fd khi\u1ebfu n\u1ea1i v\u00e0 c\u00e1c bi\u1ec7n ph\u00e1p m\u00e0 ch\u00fang t\u00f4i \u00e1p d\u1ee5ng \u0111\u1ec3 gi\u1ea3i quy\u1ebft m\u1ecdi v\u1ea5n \u0111\u1ec1 m\u1ed9t c\u00e1ch c\u00f4ng b\u1eb1ng [...]","og_url":"https:\/\/genequest.nexushealth-asia.com\/en\/chinh-sach-xu-ly-khieu-nai\/","og_site_name":"Nexus Health Asia","article_modified_time":"2024-04-17T08:18:21+00:00","twitter_card":"summary_large_image","schema":{"@context":"https:\/\/schema.org","@graph":[{"@type":"WebPage","@id":"https:\/\/genequest.nexushealth-asia.com\/chinh-sach-xu-ly-khieu-nai\/","url":"https:\/\/genequest.nexushealth-asia.com\/chinh-sach-xu-ly-khieu-nai\/","name":"Ch\u00ednh s\u00e1ch X\u1eed l\u00fd Khi\u1ebfu n\u1ea1i - Nexus Health Asia","isPartOf":{"@id":"https:\/\/genequest.nexushealth-asia.com\/#website"},"datePublished":"2024-04-16T07:49:06+00:00","dateModified":"2024-04-17T08:18:21+00:00","breadcrumb":{"@id":"https:\/\/genequest.nexushealth-asia.com\/chinh-sach-xu-ly-khieu-nai\/#breadcrumb"},"inLanguage":"en-US","potentialAction":[{"@type":"ReadAction","target":["https:\/\/genequest.nexushealth-asia.com\/chinh-sach-xu-ly-khieu-nai\/"]}]},{"@type":"BreadcrumbList","@id":"https:\/\/genequest.nexushealth-asia.com\/chinh-sach-xu-ly-khieu-nai\/#breadcrumb","itemListElement":[{"@type":"ListItem","position":1,"name":"Trang ch\u1ee7","item":"https:\/\/genequest.nexushealth-asia.com\/"},{"@type":"ListItem","position":2,"name":"Ch\u00ednh s\u00e1ch X\u1eed l\u00fd Khi\u1ebfu n\u1ea1i"}]},{"@type":"WebSite","@id":"https:\/\/genequest.nexushealth-asia.com\/#website","url":"https:\/\/genequest.nexushealth-asia.com\/","name":"Nexus Health Asia","description":"","potentialAction":[{"@type":"SearchAction","target":{"@type":"EntryPoint","urlTemplate":"https:\/\/genequest.nexushealth-asia.com\/?s={search_term_string}"},"query-input":"required name=search_term_string"}],"inLanguage":"en-US"}]}},"_links":{"self":[{"href":"https:\/\/genequest.nexushealth-asia.com\/en\/wp-json\/wp\/v2\/pages\/353","targetHints":{"allow":["GET"]}}],"collection":[{"href":"https:\/\/genequest.nexushealth-asia.com\/en\/wp-json\/wp\/v2\/pages"}],"about":[{"href":"https:\/\/genequest.nexushealth-asia.com\/en\/wp-json\/wp\/v2\/types\/page"}],"author":[{"embeddable":true,"href":"https:\/\/genequest.nexushealth-asia.com\/en\/wp-json\/wp\/v2\/users\/2"}],"replies":[{"embeddable":true,"href":"https:\/\/genequest.nexushealth-asia.com\/en\/wp-json\/wp\/v2\/comments?post=353"}],"version-history":[{"count":2,"href":"https:\/\/genequest.nexushealth-asia.com\/en\/wp-json\/wp\/v2\/pages\/353\/revisions"}],"predecessor-version":[{"id":400,"href":"https:\/\/genequest.nexushealth-asia.com\/en\/wp-json\/wp\/v2\/pages\/353\/revisions\/400"}],"wp:attachment":[{"href":"https:\/\/genequest.nexushealth-asia.com\/en\/wp-json\/wp\/v2\/media?parent=353"}],"curies":[{"name":"wp","href":"https:\/\/api.w.org\/{rel}","templated":true}]}}